{"id":30117,"date":"2022-09-10T13:02:10","date_gmt":"2022-09-10T11:02:10","guid":{"rendered":"https:\/\/nur-reifen.de\/shop\/?page_id=30117"},"modified":"2022-09-10T15:06:16","modified_gmt":"2022-09-10T13:06:16","slug":"versandkosten","status":"publish","type":"page","link":"https:\/\/max-reifen.de\/shop\/versandkosten\/","title":{"rendered":"Versandkosten"},"content":{"rendered":"\n<p>Reifen<\/p>\n\n\n\n<p>Pkw, Transporter\/Llkw, Offroad, Kleinreifen, Quad\/ATV, Go-Kart, Oldtimer<\/p>\n\n\n\n<p>ab 2&nbsp;St\u00fcck versandkostenfrei<br>Einzelst\u00fcck: 6,-&nbsp;\u20ac<\/p>\n\n\n\n<p>Lkw, Agragfahrzeuge, Agrager\u00e4te, Baufahrzeuge, Stapler<\/p>\n\n\n\n<p>ab 2&nbsp;St\u00fcck versandkostenfrei<br>Einzelst\u00fcck bis 17,4&#8243;: 6,-&nbsp;\u20ac<br>Einzelst\u00fcck ab 17,5&#8243;: 15,-&nbsp;\u20ac<\/p>\n\n\n\n<p>Motorrad, Moped, Roller<\/p>\n\n\n\n<p>versandkostenfrei<\/p>\n\n\n\n<p><\/p>\n","protected":false},"excerpt":{"rendered":"<p>Reifen Pkw, Transporter\/Llkw, Offroad, Kleinreifen, Quad\/ATV, Go-Kart, Oldtimer ab 2&nbsp;St\u00fcck versandkostenfreiEinzelst\u00fcck: 6,-&nbsp;\u20ac Lkw, Agragfahrzeuge, Agrager\u00e4te, Baufahrzeuge, Stapler ab 2&nbsp;St\u00fcck versandkostenfreiEinzelst\u00fcck bis 17,4&#8243;: 6,-&nbsp;\u20acEinzelst\u00fcck ab 17,5&#8243;: 15,-&nbsp;\u20ac Motorrad, Moped, Roller versandkostenfrei<\/p>\n","protected":false},"author":1,"featured_media":0,"parent":0,"menu_order":0,"comment_status":"closed","ping_status":"closed","template":"","meta":{"footnotes":""},"class_list":["post-30117","page","type-page","status-publish","hentry"],"_links":{"self":[{"href":"https:\/\/max-reifen.de\/shop\/wp-json\/wp\/v2\/pages\/30117","targetHints":{"allow":["GET"]}}],"collection":[{"href":"https:\/\/max-reifen.de\/shop\/wp-json\/wp\/v2\/pages"}],"about":[{"href":"https:\/\/max-reifen.de\/shop\/wp-json\/wp\/v2\/types\/page"}],"author":[{"embeddable":true,"href":"https:\/\/max-reifen.de\/shop\/wp-json\/wp\/v2\/users\/1"}],"replies":[{"embeddable":true,"href":"https:\/\/max-reifen.de\/shop\/wp-json\/wp\/v2\/comments?post=30117"}],"version-history":[{"count":0,"href":"https:\/\/max-reifen.de\/shop\/wp-json\/wp\/v2\/pages\/30117\/revisions"}],"wp:attachment":[{"href":"https:\/\/max-reifen.de\/shop\/wp-json\/wp\/v2\/media?parent=30117"}],"curies":[{"name":"wp","href":"https:\/\/api.w.org\/{rel}","templated":true}]}}